{"id":2766,"date":"2018-01-22T18:01:23","date_gmt":"2018-01-22T15:01:23","guid":{"rendered":"http:\/\/holistiktip.org\/?page_id=2766"},"modified":"2020-06-09T20:50:49","modified_gmt":"2020-06-09T17:50:49","slug":"donation","status":"publish","type":"page","link":"https:\/\/butuncultip.org\/en\/donation\/","title":{"rendered":"Donation"},"content":{"rendered":"<p>[et_pb_section fb_built=&#8221;1&#8243; _builder_version=&#8221;3.22.3&#8243;][et_pb_row _builder_version=&#8221;3.25&#8243; background_size=&#8221;initial&#8221; background_position=&#8221;top_left&#8221; background_repeat=&#8221;repeat&#8221; border_color_bottom=&#8221;#ce2e1c&#8221;][et_pb_column type=&#8221;4_4&#8243; _builder_version=&#8221;3.25&#8243; custom_padding=&#8221;|||&#8221; custom_padding__hover=&#8221;|||&#8221;][et_pb_text _builder_version=&#8221;4.4.1&#8243; text_font=&#8221;||||||||&#8221; text_text_color=&#8221;#0c71c3&#8243; header_font=&#8221;||||||||&#8221; header_text_color=&#8221;#0c71c3&#8243; border_color_all=&#8221;#af1616&#8243; border_width_bottom=&#8221;1px&#8221; border_color_bottom=&#8221;#3333&#8243;]<\/p>\n<h1>Donation<\/h1>\n<p>[\/et_pb_text][\/et_pb_column][\/et_pb_row][et_pb_row _builder_version=&#8221;3.25&#8243;][et_pb_column type=&#8221;4_4&#8243; _builder_version=&#8221;3.25&#8243; custom_padding=&#8221;|||&#8221; custom_padding__hover=&#8221;|||&#8221;][et_pb_cta title=&#8221;Ba\u011f\u0131\u015f Yap&#8221; button_text=&#8221;Ba\u011f\u0131\u015f&#8221; _builder_version=&#8221;4.4.1&#8243; use_background_color=&#8221;off&#8221; hover_enabled=&#8221;0&#8243; border_width_all=&#8221;2px&#8221; button_text_size__hover_enabled=&#8221;off&#8221; button_one_text_size__hover_enabled=&#8221;off&#8221; button_two_text_size__hover_enabled=&#8221;off&#8221; button_text_color__hover_enabled=&#8221;off&#8221; button_one_text_color__hover_enabled=&#8221;off&#8221; button_two_text_color__hover_enabled=&#8221;off&#8221; button_border_width__hover_enabled=&#8221;off&#8221; button_one_border_width__hover_enabled=&#8221;off&#8221; button_two_border_width__hover_enabled=&#8221;off&#8221; button_border_color__hover_enabled=&#8221;off&#8221; button_one_border_color__hover_enabled=&#8221;off&#8221; button_two_border_color__hover_enabled=&#8221;off&#8221; button_border_radius__hover_enabled=&#8221;off&#8221; button_one_border_radius__hover_enabled=&#8221;off&#8221; button_two_border_radius__hover_enabled=&#8221;off&#8221; button_letter_spacing__hover_enabled=&#8221;off&#8221; button_one_letter_spacing__hover_enabled=&#8221;off&#8221; button_two_letter_spacing__hover_enabled=&#8221;off&#8221; button_bg_color__hover_enabled=&#8221;off&#8221; button_one_bg_color__hover_enabled=&#8221;off&#8221; button_two_bg_color__hover_enabled=&#8221;off&#8221;]<\/p>\n<p><img loading=\"lazy\" decoding=\"async\" src=\"..\/..\/wp-content\/uploads\/2018\/01\/Donate-to-Holistic-Medicine-Association-150x150.png\" width=\"122\" height=\"122\" alt=\"\" class=\"wp-image-2710 alignnone size-thumbnail\" style=\"color: #000000; font-size: 14px; display: block; margin-left: auto; margin-right: auto;\" srcset=\"https:\/\/butuncultip.org\/wp-content\/uploads\/2018\/01\/Donate-to-Holistic-Medicine-Association-150x150.png 150w, https:\/\/butuncultip.org\/wp-content\/uploads\/2018\/01\/Donate-to-Holistic-Medicine-Association-300x300.png 300w, https:\/\/butuncultip.org\/wp-content\/uploads\/2018\/01\/Donate-to-Holistic-Medicine-Association.png 600w\" sizes=\"(max-width: 122px) 100vw, 122px\" \/><\/p>\n<p style=\"text-align: center;\"><span style=\"color: #000000;\">You can donate to the Turkish Holistic and Integrative Medicine Association <span>via EFT to the bank account number\u00a0<\/span>for support its activities.<\/span><\/p>\n<p style=\"text-align: left; padding-left: 30px;\"><span style=\"color: #000000;\"><strong><span><\/span><\/strong><\/span><\/p>\n<p>[\/et_pb_cta][\/et_pb_column][\/et_pb_row][\/et_pb_section]<\/p>\n","protected":false},"excerpt":{"rendered":"<p>Donation You can donate to the Turkish Holistic and Integrative Medicine Association via EFT to the bank account number\u00a0for support its activities.<\/p>\n","protected":false},"author":2,"featured_media":0,"parent":0,"menu_order":0,"comment_status":"closed","ping_status":"closed","template":"","meta":{"_et_pb_use_builder":"on","_et_pb_old_content":"","_et_gb_content_width":"","footnotes":""},"class_list":["post-2766","page","type-page","status-publish","hentry"],"_links":{"self":[{"href":"https:\/\/butuncultip.org\/en\/wp-json\/wp\/v2\/pages\/2766","targetHints":{"allow":["GET"]}}],"collection":[{"href":"https:\/\/butuncultip.org\/en\/wp-json\/wp\/v2\/pages"}],"about":[{"href":"https:\/\/butuncultip.org\/en\/wp-json\/wp\/v2\/types\/page"}],"author":[{"embeddable":true,"href":"https:\/\/butuncultip.org\/en\/wp-json\/wp\/v2\/users\/2"}],"replies":[{"embeddable":true,"href":"https:\/\/butuncultip.org\/en\/wp-json\/wp\/v2\/comments?post=2766"}],"version-history":[{"count":30,"href":"https:\/\/butuncultip.org\/en\/wp-json\/wp\/v2\/pages\/2766\/revisions"}],"predecessor-version":[{"id":4626,"href":"https:\/\/butuncultip.org\/en\/wp-json\/wp\/v2\/pages\/2766\/revisions\/4626"}],"wp:attachment":[{"href":"https:\/\/butuncultip.org\/en\/wp-json\/wp\/v2\/media?parent=2766"}],"curies":[{"name":"wp","href":"https:\/\/api.w.org\/{rel}","templated":true}]}}